{"id":1014,"date":"2023-10-16T07:32:52","date_gmt":"2023-10-16T07:32:52","guid":{"rendered":"https:\/\/web4.rkinformatika.net\/tapiceriacrespo2\/?page_id=1014"},"modified":"2025-02-28T17:47:55","modified_gmt":"2025-02-28T17:47:55","slug":"taller","status":"publish","type":"page","link":"https:\/\/tapiceriacrespo.com\/eu\/taller\/","title":{"rendered":"Tailerra"},"content":{"rendered":"<div data-elementor-type=\"wp-page\" data-elementor-id=\"1014\" class=\"elementor elementor-1014\" data-elementor-post-type=\"page\">\n\t\t\t\t\t\t<section class=\"elementor-section elementor-top-section elementor-element elementor-element-e635da6 elementor-section-boxed elementor-section-height-default elementor-section-height-default\" data-id=\"e635da6\" data-element_type=\"section\" data-e-type=\"section\" data-settings=\"{&quot;background_background&quot;:&quot;classic&quot;}\">\n\t\t\t\t\t\t\t<div class=\"elementor-background-overlay\"><\/div>\n\t\t\t\t\t\t\t<div class=\"elementor-container elementor-column-gap-default\">\n\t\t\t\t\t<div class=\"elementor-column elementor-col-100 elementor-top-column elementor-element elementor-element-1423145\" data-id=\"1423145\" data-element_type=\"column\" data-e-type=\"column\">\n\t\t\t<div class=\"elementor-widget-wrap\">\n\t\t\t\t\t\t\t<\/div>\n\t\t<\/div>\n\t\t\t\t\t<\/div>\n\t\t<\/section>\n\t\t\t\t<section class=\"elementor-section elementor-top-section elementor-element elementor-element-df200ee elementor-section-boxed elementor-section-height-default elementor-section-height-default\" data-id=\"df200ee\" data-element_type=\"section\" data-e-type=\"section\" data-settings=\"{&quot;background_background&quot;:&quot;classic&quot;}\">\n\t\t\t\t\t\t<div class=\"elementor-container elementor-column-gap-default\">\n\t\t\t\t\t<div class=\"elementor-column elementor-col-100 elementor-top-column elementor-element elementor-element-7e9b984\" data-id=\"7e9b984\" data-element_type=\"column\" data-e-type=\"column\">\n\t\t\t<div class=\"elementor-widget-wrap elementor-element-populated\">\n\t\t\t\t\t\t<section class=\"elementor-section elementor-inner-section elementor-element elementor-element-b6b5562 elementor-section-boxed elementor-section-height-default elementor-section-height-default\" data-id=\"b6b5562\" data-element_type=\"section\" data-e-type=\"section\">\n\t\t\t\t\t\t<div class=\"elementor-container elementor-column-gap-default\">\n\t\t\t\t\t<div class=\"elementor-column elementor-col-100 elementor-inner-column elementor-element elementor-element-a91abec\" data-id=\"a91abec\" data-element_type=\"column\" data-e-type=\"column\">\n\t\t\t<div class=\"elementor-widget-wrap elementor-element-populated\">\n\t\t\t\t\t\t<div class=\"elementor-element elementor-element-2dde706 elementor-invisible elementor-widget elementor-widget-text-editor\" data-id=\"2dde706\" data-element_type=\"widget\" data-e-type=\"widget\" data-settings=\"{&quot;_animation&quot;:&quot;fadeIn&quot;}\" data-widget_type=\"text-editor.default\">\n\t\t\t\t<div class=\"elementor-widget-container\">\n\t\t\t\t\t\t\t\t\t<p>Servicios artesanales, confecci\u00f3n y dise\u00f1o.<\/p>\t\t\t\t\t\t\t\t<\/div>\n\t\t\t\t<\/div>\n\t\t\t\t<div class=\"elementor-element elementor-element-e61a32c elementor-invisible elementor-widget elementor-widget-heading\" data-id=\"e61a32c\" data-element_type=\"widget\" data-e-type=\"widget\" data-settings=\"{&quot;_animation&quot;:&quot;fadeIn&quot;}\" data-widget_type=\"heading.default\">\n\t\t\t\t<div class=\"elementor-widget-container\">\n\t\t\t\t\t<h2 class=\"elementor-heading-title elementor-size-default\">Taller propio de tapicer\u00eda<\/h2>\t\t\t\t<\/div>\n\t\t\t\t<\/div>\n\t\t\t\t<div class=\"elementor-element elementor-element-bc0456e elementor-widget__width-initial elementor-absolute animated-slow elementor-invisible elementor-widget elementor-widget-spacer\" data-id=\"bc0456e\" data-element_type=\"widget\" data-e-type=\"widget\" data-settings=\"{&quot;_position&quot;:&quot;absolute&quot;,&quot;_animation&quot;:&quot;fadeInLeft&quot;,&quot;_animation_delay&quot;:50}\" data-widget_type=\"spacer.default\">\n\t\t\t\t<div class=\"elementor-widget-container\">\n\t\t\t\t\t\t\t<div class=\"elementor-spacer\">\n\t\t\t<div class=\"elementor-spacer-inner\"><\/div>\n\t\t<\/div>\n\t\t\t\t\t\t<\/div>\n\t\t\t\t<\/div>\n\t\t\t\t\t<\/div>\n\t\t<\/div>\n\t\t\t\t\t<\/div>\n\t\t<\/section>\n\t\t\t\t<section class=\"elementor-section elementor-inner-section elementor-element elementor-element-3d4d8ec elementor-section-boxed elementor-section-height-default elementor-section-height-default\" data-id=\"3d4d8ec\" data-element_type=\"section\" data-e-type=\"section\">\n\t\t\t\t\t\t<div class=\"elementor-container elementor-column-gap-default\">\n\t\t\t\t\t<div class=\"elementor-column elementor-col-100 elementor-inner-column elementor-element elementor-element-570cbda elementor-invisible\" data-id=\"570cbda\" data-element_type=\"column\" data-e-type=\"column\" data-settings=\"{&quot;background_background&quot;:&quot;classic&quot;,&quot;animation&quot;:&quot;fadeInUp&quot;}\">\n\t\t\t<div class=\"elementor-widget-wrap elementor-element-populated\">\n\t\t\t\t\t\t<div class=\"elementor-element elementor-element-d68d452 elementor-invisible elementor-widget elementor-widget-image\" data-id=\"d68d452\" data-element_type=\"widget\" data-e-type=\"widget\" data-settings=\"{&quot;_animation&quot;:&quot;fadeInUp&quot;,&quot;_animation_delay&quot;:200}\" data-widget_type=\"image.default\">\n\t\t\t\t<div class=\"elementor-widget-container\">\n\t\t\t\t\t\t\t\t\t\t\t\t\t\t\t<img fetchpriority=\"high\" decoding=\"async\" width=\"800\" height=\"118\" src=\"https:\/\/tapiceriacrespo.com\/wp-content\/uploads\/2023\/10\/Captura-desde-2023-10-16-09-51-23-1024x151.png\" class=\"elementor-animation-grow attachment-large size-large wp-image-1057\" alt=\"\" srcset=\"https:\/\/tapiceriacrespo.com\/wp-content\/uploads\/2023\/10\/Captura-desde-2023-10-16-09-51-23-1024x151.png 1024w, https:\/\/tapiceriacrespo.com\/wp-content\/uploads\/2023\/10\/Captura-desde-2023-10-16-09-51-23-300x44.png 300w, https:\/\/tapiceriacrespo.com\/wp-content\/uploads\/2023\/10\/Captura-desde-2023-10-16-09-51-23-768x113.png 768w, https:\/\/tapiceriacrespo.com\/wp-content\/uploads\/2023\/10\/Captura-desde-2023-10-16-09-51-23-1536x227.png 1536w, https:\/\/tapiceriacrespo.com\/wp-content\/uploads\/2023\/10\/Captura-desde-2023-10-16-09-51-23-18x3.png 18w, https:\/\/tapiceriacrespo.com\/wp-content\/uploads\/2023\/10\/Captura-desde-2023-10-16-09-51-23.png 1868w\" sizes=\"(max-width: 800px) 100vw, 800px\" \/>\t\t\t\t\t\t\t\t\t\t\t\t\t\t\t<\/div>\n\t\t\t\t<\/div>\n\t\t\t\t\t<\/div>\n\t\t<\/div>\n\t\t\t\t\t<\/div>\n\t\t<\/section>\n\t\t\t\t<section class=\"elementor-section elementor-inner-section elementor-element elementor-element-a261a2f elementor-section-boxed elementor-section-height-default elementor-section-height-default\" data-id=\"a261a2f\" data-element_type=\"section\" data-e-type=\"section\">\n\t\t\t\t\t\t<div class=\"elementor-container elementor-column-gap-default\">\n\t\t\t\t\t<div class=\"elementor-column elementor-col-100 elementor-inner-column elementor-element elementor-element-999468a elementor-invisible\" data-id=\"999468a\" data-element_type=\"column\" data-e-type=\"column\" data-settings=\"{&quot;background_background&quot;:&quot;classic&quot;,&quot;animation&quot;:&quot;fadeInUp&quot;}\">\n\t\t\t<div class=\"elementor-widget-wrap elementor-element-populated\">\n\t\t\t\t\t\t<div class=\"elementor-element elementor-element-8dc4cd6 elementor-invisible elementor-widget elementor-widget-image\" data-id=\"8dc4cd6\" data-element_type=\"widget\" data-e-type=\"widget\" data-settings=\"{&quot;_animation&quot;:&quot;fadeInUp&quot;,&quot;_animation_delay&quot;:200}\" data-widget_type=\"image.default\">\n\t\t\t\t<div class=\"elementor-widget-container\">\n\t\t\t\t\t\t\t\t\t\t\t\t\t\t\t<img decoding=\"async\" width=\"800\" height=\"234\" src=\"https:\/\/tapiceriacrespo.com\/wp-content\/uploads\/2023\/10\/Captura-desde-2023-10-16-09-46-34.png\" class=\"elementor-animation-grow attachment-large size-large wp-image-1046\" alt=\"\" srcset=\"https:\/\/tapiceriacrespo.com\/wp-content\/uploads\/2023\/10\/Captura-desde-2023-10-16-09-46-34.png 954w, https:\/\/tapiceriacrespo.com\/wp-content\/uploads\/2023\/10\/Captura-desde-2023-10-16-09-46-34-300x88.png 300w, https:\/\/tapiceriacrespo.com\/wp-content\/uploads\/2023\/10\/Captura-desde-2023-10-16-09-46-34-768x225.png 768w, https:\/\/tapiceriacrespo.com\/wp-content\/uploads\/2023\/10\/Captura-desde-2023-10-16-09-46-34-18x5.png 18w\" sizes=\"(max-width: 800px) 100vw, 800px\" \/>\t\t\t\t\t\t\t\t\t\t\t\t\t\t\t<\/div>\n\t\t\t\t<\/div>\n\t\t\t\t\t<\/div>\n\t\t<\/div>\n\t\t\t\t\t<\/div>\n\t\t<\/section>\n\t\t\t\t<section class=\"elementor-section elementor-inner-section elementor-element elementor-element-24598e4 elementor-section-boxed elementor-section-height-default elementor-section-height-default\" data-id=\"24598e4\" data-element_type=\"section\" data-e-type=\"section\">\n\t\t\t\t\t\t<div class=\"elementor-container elementor-column-gap-default\">\n\t\t\t\t\t<div class=\"elementor-column elementor-col-100 elementor-inner-column elementor-element elementor-element-c175ee3 elementor-invisible\" data-id=\"c175ee3\" data-element_type=\"column\" data-e-type=\"column\" data-settings=\"{&quot;background_background&quot;:&quot;classic&quot;,&quot;animation&quot;:&quot;fadeInUp&quot;}\">\n\t\t\t<div class=\"elementor-widget-wrap elementor-element-populated\">\n\t\t\t\t\t\t<div class=\"elementor-element elementor-element-f037782 elementor-invisible elementor-widget elementor-widget-image\" data-id=\"f037782\" data-element_type=\"widget\" data-e-type=\"widget\" data-settings=\"{&quot;_animation&quot;:&quot;fadeInUp&quot;,&quot;_animation_delay&quot;:200}\" data-widget_type=\"image.default\">\n\t\t\t\t<div class=\"elementor-widget-container\">\n\t\t\t\t\t\t\t\t\t\t\t\t\t\t\t<img decoding=\"async\" width=\"800\" height=\"234\" src=\"https:\/\/tapiceriacrespo.com\/wp-content\/uploads\/2023\/10\/Captura-desde-2023-10-16-09-47-21.png\" class=\"elementor-animation-grow attachment-large size-large wp-image-1043\" alt=\"\" srcset=\"https:\/\/tapiceriacrespo.com\/wp-content\/uploads\/2023\/10\/Captura-desde-2023-10-16-09-47-21.png 954w, https:\/\/tapiceriacrespo.com\/wp-content\/uploads\/2023\/10\/Captura-desde-2023-10-16-09-47-21-300x88.png 300w, https:\/\/tapiceriacrespo.com\/wp-content\/uploads\/2023\/10\/Captura-desde-2023-10-16-09-47-21-768x225.png 768w, https:\/\/tapiceriacrespo.com\/wp-content\/uploads\/2023\/10\/Captura-desde-2023-10-16-09-47-21-18x5.png 18w\" sizes=\"(max-width: 800px) 100vw, 800px\" \/>\t\t\t\t\t\t\t\t\t\t\t\t\t\t\t<\/div>\n\t\t\t\t<\/div>\n\t\t\t\t\t<\/div>\n\t\t<\/div>\n\t\t\t\t\t<\/div>\n\t\t<\/section>\n\t\t\t\t<section class=\"elementor-section elementor-inner-section elementor-element elementor-element-3762c3a elementor-section-boxed elementor-section-height-default elementor-section-height-default\" data-id=\"3762c3a\" data-element_type=\"section\" data-e-type=\"section\">\n\t\t\t\t\t\t<div class=\"elementor-container elementor-column-gap-default\">\n\t\t\t\t\t<div class=\"elementor-column elementor-col-100 elementor-inner-column elementor-element elementor-element-e8e5053 elementor-invisible\" data-id=\"e8e5053\" data-element_type=\"column\" data-e-type=\"column\" data-settings=\"{&quot;background_background&quot;:&quot;classic&quot;,&quot;animation&quot;:&quot;fadeInUp&quot;}\">\n\t\t\t<div class=\"elementor-widget-wrap elementor-element-populated\">\n\t\t\t\t\t\t<div class=\"elementor-element elementor-element-fc29944 elementor-invisible elementor-widget elementor-widget-image\" data-id=\"fc29944\" data-element_type=\"widget\" data-e-type=\"widget\" data-settings=\"{&quot;_animation&quot;:&quot;fadeInUp&quot;,&quot;_animation_delay&quot;:200}\" data-widget_type=\"image.default\">\n\t\t\t\t<div class=\"elementor-widget-container\">\n\t\t\t\t\t\t\t\t\t\t\t\t\t\t\t<img loading=\"lazy\" decoding=\"async\" width=\"800\" height=\"234\" src=\"https:\/\/tapiceriacrespo.com\/wp-content\/uploads\/2023\/10\/Captura-desde-2023-10-16-09-46-55.png\" class=\"elementor-animation-grow attachment-large size-large wp-image-1045\" alt=\"\" srcset=\"https:\/\/tapiceriacrespo.com\/wp-content\/uploads\/2023\/10\/Captura-desde-2023-10-16-09-46-55.png 954w, https:\/\/tapiceriacrespo.com\/wp-content\/uploads\/2023\/10\/Captura-desde-2023-10-16-09-46-55-300x88.png 300w, https:\/\/tapiceriacrespo.com\/wp-content\/uploads\/2023\/10\/Captura-desde-2023-10-16-09-46-55-768x225.png 768w, https:\/\/tapiceriacrespo.com\/wp-content\/uploads\/2023\/10\/Captura-desde-2023-10-16-09-46-55-18x5.png 18w\" sizes=\"(max-width: 800px) 100vw, 800px\" \/>\t\t\t\t\t\t\t\t\t\t\t\t\t\t\t<\/div>\n\t\t\t\t<\/div>\n\t\t\t\t\t<\/div>\n\t\t<\/div>\n\t\t\t\t\t<\/div>\n\t\t<\/section>\n\t\t\t\t<section class=\"elementor-section elementor-inner-section elementor-element elementor-element-1732c14 elementor-section-boxed elementor-section-height-default elementor-section-height-default\" data-id=\"1732c14\" data-element_type=\"section\" data-e-type=\"section\">\n\t\t\t\t\t\t<div class=\"elementor-container elementor-column-gap-default\">\n\t\t\t\t\t<div class=\"elementor-column elementor-col-100 elementor-inner-column elementor-element elementor-element-6fb1980 elementor-invisible\" data-id=\"6fb1980\" data-element_type=\"column\" data-e-type=\"column\" data-settings=\"{&quot;background_background&quot;:&quot;classic&quot;,&quot;animation&quot;:&quot;fadeInUp&quot;}\">\n\t\t\t<div class=\"elementor-widget-wrap elementor-element-populated\">\n\t\t\t\t\t\t<div class=\"elementor-element elementor-element-0db3aae elementor-invisible elementor-widget elementor-widget-image\" data-id=\"0db3aae\" data-element_type=\"widget\" data-e-type=\"widget\" data-settings=\"{&quot;_animation&quot;:&quot;fadeInUp&quot;,&quot;_animation_delay&quot;:200}\" data-widget_type=\"image.default\">\n\t\t\t\t<div class=\"elementor-widget-container\">\n\t\t\t\t\t\t\t\t\t\t\t\t\t\t\t<img loading=\"lazy\" decoding=\"async\" width=\"800\" height=\"234\" src=\"https:\/\/tapiceriacrespo.com\/wp-content\/uploads\/2023\/10\/Captura-desde-2023-10-16-09-47-33.png\" class=\"elementor-animation-grow attachment-large size-large wp-image-1042\" alt=\"\" srcset=\"https:\/\/tapiceriacrespo.com\/wp-content\/uploads\/2023\/10\/Captura-desde-2023-10-16-09-47-33.png 954w, https:\/\/tapiceriacrespo.com\/wp-content\/uploads\/2023\/10\/Captura-desde-2023-10-16-09-47-33-300x88.png 300w, https:\/\/tapiceriacrespo.com\/wp-content\/uploads\/2023\/10\/Captura-desde-2023-10-16-09-47-33-768x225.png 768w, https:\/\/tapiceriacrespo.com\/wp-content\/uploads\/2023\/10\/Captura-desde-2023-10-16-09-47-33-18x5.png 18w\" sizes=\"(max-width: 800px) 100vw, 800px\" \/>\t\t\t\t\t\t\t\t\t\t\t\t\t\t\t<\/div>\n\t\t\t\t<\/div>\n\t\t\t\t<div class=\"elementor-element elementor-element-c080ee6 elementor-mobile-align-justify elementor-align-center elementor-widget elementor-widget-button\" data-id=\"c080ee6\" data-element_type=\"widget\" data-e-type=\"widget\" data-widget_type=\"button.default\">\n\t\t\t\t<div class=\"elementor-widget-container\">\n\t\t\t\t\t\t\t\t\t<div class=\"elementor-button-wrapper\">\n\t\t\t\t\t<a class=\"elementor-button elementor-button-link elementor-size-sm elementor-animation-sink\" href=\"https:\/\/tapiceriacrespo.com\/eu\/contacto\/\">\n\t\t\t\t\t\t<span class=\"elementor-button-content-wrapper\">\n\t\t\t\t\t\t\t\t\t<span class=\"elementor-button-text\">Jarri gurekin harremanetan<\/span>\n\t\t\t\t\t<\/span>\n\t\t\t\t\t<\/a>\n\t\t\t\t<\/div>\n\t\t\t\t\t\t\t\t<\/div>\n\t\t\t\t<\/div>\n\t\t\t\t\t<\/div>\n\t\t<\/div>\n\t\t\t\t\t<\/div>\n\t\t<\/section>\n\t\t\t\t\t<\/div>\n\t\t<\/div>\n\t\t\t\t\t<\/div>\n\t\t<\/section>\n\t\t\t\t<\/div>","protected":false},"excerpt":{"rendered":"<p>Servicios artesanales, confecci\u00f3n y dise\u00f1o. Taller propio de tapicer\u00eda Cont\u00e1ctanos<\/p>","protected":false},"author":1,"featured_media":0,"parent":0,"menu_order":0,"comment_status":"closed","ping_status":"closed","template":"elementor_canvas","meta":{"footnotes":""},"class_list":["post-1014","page","type-page","status-publish","hentry"],"yoast_head":"<!-- This site is optimized with the Yoast SEO plugin v27.5 - https:\/\/yoast.com\/product\/yoast-seo-wordpress\/ -->\n<title>Taller - Tapicer\u00eda Crespo<\/title>\n<meta name=\"robots\" content=\"index, follow, max-snippet:-1, max-image-preview:large, max-video-preview:-1\" \/>\n<link rel=\"canonical\" href=\"https:\/\/tapiceriacrespo.com\/eu\/taller\/\" \/>\n<meta property=\"og:locale\" content=\"en_US\" \/>\n<meta property=\"og:type\" content=\"article\" \/>\n<meta property=\"og:title\" content=\"Taller - Tapicer\u00eda Crespo\" \/>\n<meta property=\"og:description\" content=\"Servicios artesanales, confecci\u00f3n y dise\u00f1o. Taller propio de tapicer\u00eda Cont\u00e1ctanos\" \/>\n<meta property=\"og:url\" content=\"https:\/\/tapiceriacrespo.com\/eu\/taller\/\" \/>\n<meta property=\"og:site_name\" content=\"Tapicer\u00eda Crespo\" \/>\n<meta property=\"article:modified_time\" content=\"2025-02-28T17:47:55+00:00\" \/>\n<meta property=\"og:image\" content=\"https:\/\/tapiceriacrespo.com\/wp-content\/uploads\/2023\/10\/Captura-desde-2023-10-16-09-51-23.png\" \/>\n\t<meta property=\"og:image:width\" content=\"1868\" \/>\n\t<meta property=\"og:image:height\" content=\"276\" \/>\n\t<meta property=\"og:image:type\" content=\"image\/png\" \/>\n<meta name=\"twitter:card\" content=\"summary_large_image\" \/>\n<meta name=\"twitter:label1\" content=\"Est. reading time\" \/>\n\t<meta name=\"twitter:data1\" content=\"2 minutua\" \/>\n<script type=\"application\/ld+json\" class=\"yoast-schema-graph\">{\"@context\":\"https:\\\/\\\/schema.org\",\"@graph\":[{\"@type\":\"WebPage\",\"@id\":\"https:\\\/\\\/tapiceriacrespo.com\\\/taller\\\/\",\"url\":\"https:\\\/\\\/tapiceriacrespo.com\\\/taller\\\/\",\"name\":\"Taller - Tapicer\u00eda Crespo\",\"isPartOf\":{\"@id\":\"https:\\\/\\\/tapiceriacrespo.com\\\/#website\"},\"primaryImageOfPage\":{\"@id\":\"https:\\\/\\\/tapiceriacrespo.com\\\/taller\\\/#primaryimage\"},\"image\":{\"@id\":\"https:\\\/\\\/tapiceriacrespo.com\\\/taller\\\/#primaryimage\"},\"thumbnailUrl\":\"https:\\\/\\\/tapiceriacrespo.com\\\/wp-content\\\/uploads\\\/2023\\\/10\\\/Captura-desde-2023-10-16-09-51-23-1024x151.png\",\"datePublished\":\"2023-10-16T07:32:52+00:00\",\"dateModified\":\"2025-02-28T17:47:55+00:00\",\"breadcrumb\":{\"@id\":\"https:\\\/\\\/tapiceriacrespo.com\\\/taller\\\/#breadcrumb\"},\"inLanguage\":\"eu\",\"potentialAction\":[{\"@type\":\"ReadAction\",\"target\":[\"https:\\\/\\\/tapiceriacrespo.com\\\/taller\\\/\"]}]},{\"@type\":\"ImageObject\",\"inLanguage\":\"eu\",\"@id\":\"https:\\\/\\\/tapiceriacrespo.com\\\/taller\\\/#primaryimage\",\"url\":\"https:\\\/\\\/tapiceriacrespo.com\\\/wp-content\\\/uploads\\\/2023\\\/10\\\/Captura-desde-2023-10-16-09-51-23-1024x151.png\",\"contentUrl\":\"https:\\\/\\\/tapiceriacrespo.com\\\/wp-content\\\/uploads\\\/2023\\\/10\\\/Captura-desde-2023-10-16-09-51-23-1024x151.png\"},{\"@type\":\"BreadcrumbList\",\"@id\":\"https:\\\/\\\/tapiceriacrespo.com\\\/taller\\\/#breadcrumb\",\"itemListElement\":[{\"@type\":\"ListItem\",\"position\":1,\"name\":\"Portada\",\"item\":\"https:\\\/\\\/tapiceriacrespo.com\\\/\"},{\"@type\":\"ListItem\",\"position\":2,\"name\":\"Taller\"}]},{\"@type\":\"WebSite\",\"@id\":\"https:\\\/\\\/tapiceriacrespo.com\\\/#website\",\"url\":\"https:\\\/\\\/tapiceriacrespo.com\\\/\",\"name\":\"Tapicer\u00eda Crespo\",\"description\":\"Tapicer\u00eda Crespo\",\"publisher\":{\"@id\":\"https:\\\/\\\/tapiceriacrespo.com\\\/#organization\"},\"potentialAction\":[{\"@type\":\"SearchAction\",\"target\":{\"@type\":\"EntryPoint\",\"urlTemplate\":\"https:\\\/\\\/tapiceriacrespo.com\\\/?s={search_term_string}\"},\"query-input\":{\"@type\":\"PropertyValueSpecification\",\"valueRequired\":true,\"valueName\":\"search_term_string\"}}],\"inLanguage\":\"eu\"},{\"@type\":\"Organization\",\"@id\":\"https:\\\/\\\/tapiceriacrespo.com\\\/#organization\",\"name\":\"Tapicer\u00eda Crespo\",\"url\":\"https:\\\/\\\/tapiceriacrespo.com\\\/\",\"logo\":{\"@type\":\"ImageObject\",\"inLanguage\":\"eu\",\"@id\":\"https:\\\/\\\/tapiceriacrespo.com\\\/#\\\/schema\\\/logo\\\/image\\\/\",\"url\":\"https:\\\/\\\/tapiceriacrespo.com\\\/wp-content\\\/uploads\\\/2023\\\/10\\\/cropped-logo2-transp.png\",\"contentUrl\":\"https:\\\/\\\/tapiceriacrespo.com\\\/wp-content\\\/uploads\\\/2023\\\/10\\\/cropped-logo2-transp.png\",\"width\":712,\"height\":350,\"caption\":\"Tapicer\u00eda Crespo\"},\"image\":{\"@id\":\"https:\\\/\\\/tapiceriacrespo.com\\\/#\\\/schema\\\/logo\\\/image\\\/\"}}]}<\/script>\n<!-- \/ Yoast SEO plugin. -->","yoast_head_json":{"title":"Taller - Tapicer\u00eda Crespo","robots":{"index":"index","follow":"follow","max-snippet":"max-snippet:-1","max-image-preview":"max-image-preview:large","max-video-preview":"max-video-preview:-1"},"canonical":"https:\/\/tapiceriacrespo.com\/eu\/taller\/","og_locale":"en_US","og_type":"article","og_title":"Taller - Tapicer\u00eda Crespo","og_description":"Servicios artesanales, confecci\u00f3n y dise\u00f1o. Taller propio de tapicer\u00eda Cont\u00e1ctanos","og_url":"https:\/\/tapiceriacrespo.com\/eu\/taller\/","og_site_name":"Tapicer\u00eda Crespo","article_modified_time":"2025-02-28T17:47:55+00:00","og_image":[{"width":1868,"height":276,"url":"https:\/\/tapiceriacrespo.com\/wp-content\/uploads\/2023\/10\/Captura-desde-2023-10-16-09-51-23.png","type":"image\/png"}],"twitter_card":"summary_large_image","twitter_misc":{"Est. reading time":"2 minutua"},"schema":{"@context":"https:\/\/schema.org","@graph":[{"@type":"WebPage","@id":"https:\/\/tapiceriacrespo.com\/taller\/","url":"https:\/\/tapiceriacrespo.com\/taller\/","name":"Taller - Tapicer\u00eda Crespo","isPartOf":{"@id":"https:\/\/tapiceriacrespo.com\/#website"},"primaryImageOfPage":{"@id":"https:\/\/tapiceriacrespo.com\/taller\/#primaryimage"},"image":{"@id":"https:\/\/tapiceriacrespo.com\/taller\/#primaryimage"},"thumbnailUrl":"https:\/\/tapiceriacrespo.com\/wp-content\/uploads\/2023\/10\/Captura-desde-2023-10-16-09-51-23-1024x151.png","datePublished":"2023-10-16T07:32:52+00:00","dateModified":"2025-02-28T17:47:55+00:00","breadcrumb":{"@id":"https:\/\/tapiceriacrespo.com\/taller\/#breadcrumb"},"inLanguage":"eu","potentialAction":[{"@type":"ReadAction","target":["https:\/\/tapiceriacrespo.com\/taller\/"]}]},{"@type":"ImageObject","inLanguage":"eu","@id":"https:\/\/tapiceriacrespo.com\/taller\/#primaryimage","url":"https:\/\/tapiceriacrespo.com\/wp-content\/uploads\/2023\/10\/Captura-desde-2023-10-16-09-51-23-1024x151.png","contentUrl":"https:\/\/tapiceriacrespo.com\/wp-content\/uploads\/2023\/10\/Captura-desde-2023-10-16-09-51-23-1024x151.png"},{"@type":"BreadcrumbList","@id":"https:\/\/tapiceriacrespo.com\/taller\/#breadcrumb","itemListElement":[{"@type":"ListItem","position":1,"name":"Portada","item":"https:\/\/tapiceriacrespo.com\/"},{"@type":"ListItem","position":2,"name":"Taller"}]},{"@type":"WebSite","@id":"https:\/\/tapiceriacrespo.com\/#website","url":"https:\/\/tapiceriacrespo.com\/","name":"Tapicer\u00eda Crespo","description":"Tapicer\u00eda Crespo","publisher":{"@id":"https:\/\/tapiceriacrespo.com\/#organization"},"potentialAction":[{"@type":"SearchAction","target":{"@type":"EntryPoint","urlTemplate":"https:\/\/tapiceriacrespo.com\/?s={search_term_string}"},"query-input":{"@type":"PropertyValueSpecification","valueRequired":true,"valueName":"search_term_string"}}],"inLanguage":"eu"},{"@type":"Organization","@id":"https:\/\/tapiceriacrespo.com\/#organization","name":"Tapicer\u00eda Crespo","url":"https:\/\/tapiceriacrespo.com\/","logo":{"@type":"ImageObject","inLanguage":"eu","@id":"https:\/\/tapiceriacrespo.com\/#\/schema\/logo\/image\/","url":"https:\/\/tapiceriacrespo.com\/wp-content\/uploads\/2023\/10\/cropped-logo2-transp.png","contentUrl":"https:\/\/tapiceriacrespo.com\/wp-content\/uploads\/2023\/10\/cropped-logo2-transp.png","width":712,"height":350,"caption":"Tapicer\u00eda Crespo"},"image":{"@id":"https:\/\/tapiceriacrespo.com\/#\/schema\/logo\/image\/"}}]}},"_links":{"self":[{"href":"https:\/\/tapiceriacrespo.com\/eu\/wp-json\/wp\/v2\/pages\/1014","targetHints":{"allow":["GET"]}}],"collection":[{"href":"https:\/\/tapiceriacrespo.com\/eu\/wp-json\/wp\/v2\/pages"}],"about":[{"href":"https:\/\/tapiceriacrespo.com\/eu\/wp-json\/wp\/v2\/types\/page"}],"author":[{"embeddable":true,"href":"https:\/\/tapiceriacrespo.com\/eu\/wp-json\/wp\/v2\/users\/1"}],"replies":[{"embeddable":true,"href":"https:\/\/tapiceriacrespo.com\/eu\/wp-json\/wp\/v2\/comments?post=1014"}],"version-history":[{"count":64,"href":"https:\/\/tapiceriacrespo.com\/eu\/wp-json\/wp\/v2\/pages\/1014\/revisions"}],"predecessor-version":[{"id":1666,"href":"https:\/\/tapiceriacrespo.com\/eu\/wp-json\/wp\/v2\/pages\/1014\/revisions\/1666"}],"wp:attachment":[{"href":"https:\/\/tapiceriacrespo.com\/eu\/wp-json\/wp\/v2\/media?parent=1014"}],"curies":[{"name":"wp","href":"https:\/\/api.w.org\/{rel}","templated":true}]}}