{"id":309,"date":"2023-10-10T14:58:26","date_gmt":"2023-10-10T14:58:26","guid":{"rendered":"https:\/\/web4.rkinformatika.net\/tapiceriacrespo2\/?page_id=309"},"modified":"2025-02-28T17:44:56","modified_gmt":"2025-02-28T17:44:56","slug":"quienes-somos","status":"publish","type":"page","link":"https:\/\/tapiceriacrespo.com\/eu\/quienes-somos\/","title":{"rendered":"Quienessomos"},"content":{"rendered":"<div data-elementor-type=\"wp-page\" data-elementor-id=\"309\" class=\"elementor elementor-309\" data-elementor-post-type=\"page\">\n\t\t\t\t\t\t<section class=\"elementor-section elementor-top-section elementor-element elementor-element-362c2e6 elementor-section-boxed elementor-section-height-default elementor-section-height-default\" data-id=\"362c2e6\" data-element_type=\"section\" data-e-type=\"section\" data-settings=\"{&quot;background_background&quot;:&quot;classic&quot;}\">\n\t\t\t\t\t\t\t<div class=\"elementor-background-overlay\"><\/div>\n\t\t\t\t\t\t\t<div class=\"elementor-container elementor-column-gap-default\">\n\t\t\t\t\t<div class=\"elementor-column elementor-col-100 elementor-top-column elementor-element elementor-element-52c6fcb\" data-id=\"52c6fcb\" data-element_type=\"column\" data-e-type=\"column\">\n\t\t\t<div class=\"elementor-widget-wrap\">\n\t\t\t\t\t\t\t<\/div>\n\t\t<\/div>\n\t\t\t\t\t<\/div>\n\t\t<\/section>\n\t\t\t\t<section class=\"elementor-section elementor-top-section elementor-element elementor-element-e9f4cce elementor-section-boxed elementor-section-height-default elementor-section-height-default\" data-id=\"e9f4cce\" data-element_type=\"section\" data-e-type=\"section\" data-settings=\"{&quot;background_background&quot;:&quot;classic&quot;}\">\n\t\t\t\t\t\t<div class=\"elementor-container elementor-column-gap-default\">\n\t\t\t\t\t<div class=\"elementor-column elementor-col-100 elementor-top-column elementor-element elementor-element-4738748\" data-id=\"4738748\" data-element_type=\"column\" data-e-type=\"column\">\n\t\t\t<div class=\"elementor-widget-wrap elementor-element-populated\">\n\t\t\t\t\t\t<section class=\"elementor-section elementor-inner-section elementor-element elementor-element-f54e86b elementor-section-boxed elementor-section-height-default elementor-section-height-default\" data-id=\"f54e86b\" data-element_type=\"section\" data-e-type=\"section\">\n\t\t\t\t\t\t<div class=\"elementor-container elementor-column-gap-default\">\n\t\t\t\t\t<div class=\"elementor-column elementor-col-100 elementor-inner-column elementor-element elementor-element-9f246e5\" data-id=\"9f246e5\" data-element_type=\"column\" data-e-type=\"column\">\n\t\t\t<div class=\"elementor-widget-wrap elementor-element-populated\">\n\t\t\t\t\t\t<div class=\"elementor-element elementor-element-eac50e1 elementor-invisible elementor-widget elementor-widget-text-editor\" data-id=\"eac50e1\" data-element_type=\"widget\" data-e-type=\"widget\" data-settings=\"{&quot;_animation&quot;:&quot;fadeIn&quot;}\" data-widget_type=\"text-editor.default\">\n\t\t\t\t<div class=\"elementor-widget-container\">\n\t\t\t\t\t\t\t\t\t<p>\u00bfQui\u00e9nes somos?<\/p>\t\t\t\t\t\t\t\t<\/div>\n\t\t\t\t<\/div>\n\t\t\t\t<div class=\"elementor-element elementor-element-f0f5433 elementor-invisible elementor-widget elementor-widget-heading\" data-id=\"f0f5433\" data-element_type=\"widget\" data-e-type=\"widget\" data-settings=\"{&quot;_animation&quot;:&quot;fadeIn&quot;}\" data-widget_type=\"heading.default\">\n\t\t\t\t<div class=\"elementor-widget-container\">\n\t\t\t\t\t<h2 class=\"elementor-heading-title elementor-size-default\">Nuestra historia<\/h2>\t\t\t\t<\/div>\n\t\t\t\t<\/div>\n\t\t\t\t<div class=\"elementor-element elementor-element-b40107b elementor-widget__width-initial elementor-absolute animated-slow elementor-invisible elementor-widget elementor-widget-spacer\" data-id=\"b40107b\" data-element_type=\"widget\" data-e-type=\"widget\" data-settings=\"{&quot;_position&quot;:&quot;absolute&quot;,&quot;_animation&quot;:&quot;fadeInLeft&quot;,&quot;_animation_delay&quot;:50}\" data-widget_type=\"spacer.default\">\n\t\t\t\t<div class=\"elementor-widget-container\">\n\t\t\t\t\t\t\t<div class=\"elementor-spacer\">\n\t\t\t<div class=\"elementor-spacer-inner\"><\/div>\n\t\t<\/div>\n\t\t\t\t\t\t<\/div>\n\t\t\t\t<\/div>\n\t\t\t\t\t<\/div>\n\t\t<\/div>\n\t\t\t\t\t<\/div>\n\t\t<\/section>\n\t\t\t\t<section class=\"elementor-section elementor-inner-section elementor-element elementor-element-0384708 elementor-section-boxed elementor-section-height-default elementor-section-height-default\" data-id=\"0384708\" data-element_type=\"section\" data-e-type=\"section\">\n\t\t\t\t\t\t<div class=\"elementor-container elementor-column-gap-default\">\n\t\t\t\t\t<div class=\"elementor-column elementor-col-50 elementor-inner-column elementor-element elementor-element-0ffd177 elementor-invisible\" data-id=\"0ffd177\" data-element_type=\"column\" data-e-type=\"column\" data-settings=\"{&quot;background_background&quot;:&quot;classic&quot;,&quot;animation&quot;:&quot;fadeInUp&quot;}\">\n\t\t\t<div class=\"elementor-widget-wrap elementor-element-populated\">\n\t\t\t\t\t\t<div class=\"elementor-element elementor-element-5863dea elementor-widget elementor-widget-text-editor\" data-id=\"5863dea\" data-element_type=\"widget\" data-e-type=\"widget\" data-widget_type=\"text-editor.default\">\n\t\t\t\t<div class=\"elementor-widget-container\">\n\t\t\t\t\t\t\t\t\t<p>Somos artesanos tapiceros de 3\u00aa generaci\u00f3n familiar.<\/p><p>Pl\u00e1cido Crespo Aguirre, nuestro querido abuelo mont\u00f3 la primer tapicer\u00eda artesanal en Bilbao en la d\u00e9cada de 1930, y la llam\u00f3 \u00abTapicer\u00eda Bilba\u00edna\u00bb. En la postguerra se march\u00f3 a Burgos donde continu\u00f3 con su trabajo de tapicero artesanal.<\/p><p>En la d\u00e9cada de 1960 la familia se mud\u00f3 a Ajangiz y fue en Gernika, donde continu\u00f3 con los servicios de tapicer\u00eda. Y ya en la d\u00e9cada de 1980 siguiendo la tradici\u00f3n familiar se asocio con nuestro padre (Pl\u00e1cido Crespo \u00abalias Papi\u00bb) fundando la tapicer\u00eda llamada \u00abTapicer\u00eda Crespo e Hijo\u00bb.<\/p><p>Y en la a\u00f1o 1999, nosotros, los nietos de Pl\u00e1cido Crespo Aguirre continuamos con la empresa familiar y creamos \u00abTapicer\u00eda Crespo SL\u00bb, formada por los tres hermanos; Alfonso, Gorka y Ainhoa, quienes seguimos actualmente con los servicios de tapicer\u00eda artesanal. Ampliando nuestros conocimientos al mundo de la decoraci\u00f3n para particulares y profesionales del sector.<\/p><p>Cada encargo es una tarea personalizada y \u00fanica, dando el mejor servicio en cada ocasi\u00f3n.<\/p>\t\t\t\t\t\t\t\t<\/div>\n\t\t\t\t<\/div>\n\t\t\t\t<div class=\"elementor-element elementor-element-f902dd5 elementor-mobile-align-justify elementor-align-center elementor-widget elementor-widget-button\" data-id=\"f902dd5\" data-element_type=\"widget\" data-e-type=\"widget\" data-widget_type=\"button.default\">\n\t\t\t\t<div class=\"elementor-widget-container\">\n\t\t\t\t\t\t\t\t\t<div class=\"elementor-button-wrapper\">\n\t\t\t\t\t<a class=\"elementor-button elementor-button-link elementor-size-sm elementor-animation-sink\" href=\"https:\/\/tapiceriacrespo.com\/eu\/contacto\/\">\n\t\t\t\t\t\t<span class=\"elementor-button-content-wrapper\">\n\t\t\t\t\t\t\t\t\t<span class=\"elementor-button-text\">Jarri gurekin harremanetan<\/span>\n\t\t\t\t\t<\/span>\n\t\t\t\t\t<\/a>\n\t\t\t\t<\/div>\n\t\t\t\t\t\t\t\t<\/div>\n\t\t\t\t<\/div>\n\t\t\t\t\t<\/div>\n\t\t<\/div>\n\t\t\t\t<div class=\"elementor-column elementor-col-50 elementor-inner-column elementor-element elementor-element-af3e961\" data-id=\"af3e961\" data-element_type=\"column\" data-e-type=\"column\">\n\t\t\t<div class=\"elementor-widget-wrap elementor-element-populated\">\n\t\t\t\t\t\t<div class=\"elementor-element elementor-element-9f21559 elementor-invisible elementor-widget elementor-widget-image\" data-id=\"9f21559\" data-element_type=\"widget\" data-e-type=\"widget\" data-settings=\"{&quot;_animation&quot;:&quot;fadeInUp&quot;,&quot;_animation_delay&quot;:200}\" data-widget_type=\"image.default\">\n\t\t\t\t<div class=\"elementor-widget-container\">\n\t\t\t\t\t\t\t\t\t\t\t\t\t\t\t<img fetchpriority=\"high\" decoding=\"async\" width=\"640\" height=\"420\" src=\"https:\/\/tapiceriacrespo.com\/wp-content\/uploads\/2023\/10\/historia-tapiceria-crespo-1.jpg\" class=\"elementor-animation-grow attachment-full size-full wp-image-338\" alt=\"\" srcset=\"https:\/\/tapiceriacrespo.com\/wp-content\/uploads\/2023\/10\/historia-tapiceria-crespo-1.jpg 640w, https:\/\/tapiceriacrespo.com\/wp-content\/uploads\/2023\/10\/historia-tapiceria-crespo-1-300x197.jpg 300w, https:\/\/tapiceriacrespo.com\/wp-content\/uploads\/2023\/10\/historia-tapiceria-crespo-1-18x12.jpg 18w\" sizes=\"(max-width: 640px) 100vw, 640px\" \/>\t\t\t\t\t\t\t\t\t\t\t\t\t\t\t<\/div>\n\t\t\t\t<\/div>\n\t\t\t\t<div class=\"elementor-element elementor-element-ebb0ded elementor-invisible elementor-widget elementor-widget-image\" data-id=\"ebb0ded\" data-element_type=\"widget\" data-e-type=\"widget\" data-settings=\"{&quot;_animation&quot;:&quot;fadeInUp&quot;,&quot;_animation_delay&quot;:200}\" data-widget_type=\"image.default\">\n\t\t\t\t<div class=\"elementor-widget-container\">\n\t\t\t\t\t\t\t\t\t\t\t\t\t\t\t<img decoding=\"async\" width=\"640\" height=\"354\" src=\"https:\/\/tapiceriacrespo.com\/wp-content\/uploads\/2023\/10\/historia-tapiceria-crespo-3.jpg\" class=\"elementor-animation-grow attachment-large size-large wp-image-337\" alt=\"\" srcset=\"https:\/\/tapiceriacrespo.com\/wp-content\/uploads\/2023\/10\/historia-tapiceria-crespo-3.jpg 640w, https:\/\/tapiceriacrespo.com\/wp-content\/uploads\/2023\/10\/historia-tapiceria-crespo-3-300x166.jpg 300w, https:\/\/tapiceriacrespo.com\/wp-content\/uploads\/2023\/10\/historia-tapiceria-crespo-3-18x10.jpg 18w\" sizes=\"(max-width: 640px) 100vw, 640px\" \/>\t\t\t\t\t\t\t\t\t\t\t\t\t\t\t<\/div>\n\t\t\t\t<\/div>\n\t\t\t\t<div class=\"elementor-element elementor-element-1fb9695 elementor-invisible elementor-widget elementor-widget-image\" data-id=\"1fb9695\" data-element_type=\"widget\" data-e-type=\"widget\" data-settings=\"{&quot;_animation&quot;:&quot;fadeInUp&quot;,&quot;_animation_delay&quot;:200}\" data-widget_type=\"image.default\">\n\t\t\t\t<div class=\"elementor-widget-container\">\n\t\t\t\t\t\t\t\t\t\t\t\t\t\t\t<img decoding=\"async\" width=\"640\" height=\"372\" src=\"https:\/\/tapiceriacrespo.com\/wp-content\/uploads\/2023\/10\/historia-tapiceria-crespo-4.jpg\" class=\"elementor-animation-grow attachment-large size-large wp-image-336\" alt=\"\" srcset=\"https:\/\/tapiceriacrespo.com\/wp-content\/uploads\/2023\/10\/historia-tapiceria-crespo-4.jpg 640w, https:\/\/tapiceriacrespo.com\/wp-content\/uploads\/2023\/10\/historia-tapiceria-crespo-4-300x174.jpg 300w, https:\/\/tapiceriacrespo.com\/wp-content\/uploads\/2023\/10\/historia-tapiceria-crespo-4-18x10.jpg 18w\" sizes=\"(max-width: 640px) 100vw, 640px\" \/>\t\t\t\t\t\t\t\t\t\t\t\t\t\t\t<\/div>\n\t\t\t\t<\/div>\n\t\t\t\t\t<\/div>\n\t\t<\/div>\n\t\t\t\t\t<\/div>\n\t\t<\/section>\n\t\t\t\t\t<\/div>\n\t\t<\/div>\n\t\t\t\t\t<\/div>\n\t\t<\/section>\n\t\t\t\t<\/div>","protected":false},"excerpt":{"rendered":"<p>\u00bfQui\u00e9nes somos? Nuestra historia Somos artesanos tapiceros de 3\u00aa generaci\u00f3n familiar. Pl\u00e1cido Crespo Aguirre, nuestro querido abuelo mont\u00f3 la primer tapicer\u00eda artesanal en Bilbao en la d\u00e9cada de 1930, y la llam\u00f3 \u00abTapicer\u00eda Bilba\u00edna\u00bb. En la postguerra se march\u00f3 a Burgos donde continu\u00f3 con su trabajo de tapicero artesanal. En la d\u00e9cada de 1960 la [&hellip;]<\/p>\n","protected":false},"author":1,"featured_media":0,"parent":0,"menu_order":0,"comment_status":"closed","ping_status":"closed","template":"elementor_canvas","meta":{"footnotes":""},"class_list":["post-309","page","type-page","status-publish","hentry"],"yoast_head":"<!-- This site is optimized with the Yoast SEO plugin v27.5 - https:\/\/yoast.com\/product\/yoast-seo-wordpress\/ -->\n<title>Quienessomos - Tapicer\u00eda Crespo<\/title>\n<meta name=\"robots\" content=\"index, follow, max-snippet:-1, max-image-preview:large, max-video-preview:-1\" \/>\n<link rel=\"canonical\" href=\"https:\/\/tapiceriacrespo.com\/eu\/quienes-somos\/\" \/>\n<meta property=\"og:locale\" content=\"en_US\" \/>\n<meta property=\"og:type\" content=\"article\" \/>\n<meta property=\"og:title\" content=\"Quienessomos - Tapicer\u00eda Crespo\" \/>\n<meta property=\"og:description\" content=\"\u00bfQui\u00e9nes somos? Nuestra historia Somos artesanos tapiceros de 3\u00aa generaci\u00f3n familiar. Pl\u00e1cido Crespo Aguirre, nuestro querido abuelo mont\u00f3 la primer tapicer\u00eda artesanal en Bilbao en la d\u00e9cada de 1930, y la llam\u00f3 \u00abTapicer\u00eda Bilba\u00edna\u00bb. En la postguerra se march\u00f3 a Burgos donde continu\u00f3 con su trabajo de tapicero artesanal. En la d\u00e9cada de 1960 la [&hellip;]\" \/>\n<meta property=\"og:url\" content=\"https:\/\/tapiceriacrespo.com\/eu\/quienes-somos\/\" \/>\n<meta property=\"og:site_name\" content=\"Tapicer\u00eda Crespo\" \/>\n<meta property=\"article:modified_time\" content=\"2025-02-28T17:44:56+00:00\" \/>\n<meta property=\"og:image\" content=\"https:\/\/tapiceriacrespo.com\/wp-content\/uploads\/2023\/10\/historia-tapiceria-crespo-1.jpg\" \/>\n\t<meta property=\"og:image:width\" content=\"640\" \/>\n\t<meta property=\"og:image:height\" content=\"420\" \/>\n\t<meta property=\"og:image:type\" content=\"image\/jpeg\" \/>\n<meta name=\"twitter:card\" content=\"summary_large_image\" \/>\n<meta name=\"twitter:label1\" content=\"Est. reading time\" \/>\n\t<meta name=\"twitter:data1\" content=\"2 minutua\" \/>\n<script type=\"application\/ld+json\" class=\"yoast-schema-graph\">{\"@context\":\"https:\\\/\\\/schema.org\",\"@graph\":[{\"@type\":\"WebPage\",\"@id\":\"https:\\\/\\\/tapiceriacrespo.com\\\/quienes-somos\\\/\",\"url\":\"https:\\\/\\\/tapiceriacrespo.com\\\/quienes-somos\\\/\",\"name\":\"Quienessomos - Tapicer\u00eda Crespo\",\"isPartOf\":{\"@id\":\"https:\\\/\\\/tapiceriacrespo.com\\\/#website\"},\"primaryImageOfPage\":{\"@id\":\"https:\\\/\\\/tapiceriacrespo.com\\\/quienes-somos\\\/#primaryimage\"},\"image\":{\"@id\":\"https:\\\/\\\/tapiceriacrespo.com\\\/quienes-somos\\\/#primaryimage\"},\"thumbnailUrl\":\"https:\\\/\\\/tapiceriacrespo.com\\\/wp-content\\\/uploads\\\/2023\\\/10\\\/historia-tapiceria-crespo-1.jpg\",\"datePublished\":\"2023-10-10T14:58:26+00:00\",\"dateModified\":\"2025-02-28T17:44:56+00:00\",\"breadcrumb\":{\"@id\":\"https:\\\/\\\/tapiceriacrespo.com\\\/quienes-somos\\\/#breadcrumb\"},\"inLanguage\":\"eu\",\"potentialAction\":[{\"@type\":\"ReadAction\",\"target\":[\"https:\\\/\\\/tapiceriacrespo.com\\\/quienes-somos\\\/\"]}]},{\"@type\":\"ImageObject\",\"inLanguage\":\"eu\",\"@id\":\"https:\\\/\\\/tapiceriacrespo.com\\\/quienes-somos\\\/#primaryimage\",\"url\":\"https:\\\/\\\/tapiceriacrespo.com\\\/wp-content\\\/uploads\\\/2023\\\/10\\\/historia-tapiceria-crespo-1.jpg\",\"contentUrl\":\"https:\\\/\\\/tapiceriacrespo.com\\\/wp-content\\\/uploads\\\/2023\\\/10\\\/historia-tapiceria-crespo-1.jpg\"},{\"@type\":\"BreadcrumbList\",\"@id\":\"https:\\\/\\\/tapiceriacrespo.com\\\/quienes-somos\\\/#breadcrumb\",\"itemListElement\":[{\"@type\":\"ListItem\",\"position\":1,\"name\":\"Portada\",\"item\":\"https:\\\/\\\/tapiceriacrespo.com\\\/\"},{\"@type\":\"ListItem\",\"position\":2,\"name\":\"Quienessomos\"}]},{\"@type\":\"WebSite\",\"@id\":\"https:\\\/\\\/tapiceriacrespo.com\\\/#website\",\"url\":\"https:\\\/\\\/tapiceriacrespo.com\\\/\",\"name\":\"Tapicer\u00eda Crespo\",\"description\":\"Tapicer\u00eda Crespo\",\"publisher\":{\"@id\":\"https:\\\/\\\/tapiceriacrespo.com\\\/#organization\"},\"potentialAction\":[{\"@type\":\"SearchAction\",\"target\":{\"@type\":\"EntryPoint\",\"urlTemplate\":\"https:\\\/\\\/tapiceriacrespo.com\\\/?s={search_term_string}\"},\"query-input\":{\"@type\":\"PropertyValueSpecification\",\"valueRequired\":true,\"valueName\":\"search_term_string\"}}],\"inLanguage\":\"eu\"},{\"@type\":\"Organization\",\"@id\":\"https:\\\/\\\/tapiceriacrespo.com\\\/#organization\",\"name\":\"Tapicer\u00eda Crespo\",\"url\":\"https:\\\/\\\/tapiceriacrespo.com\\\/\",\"logo\":{\"@type\":\"ImageObject\",\"inLanguage\":\"eu\",\"@id\":\"https:\\\/\\\/tapiceriacrespo.com\\\/#\\\/schema\\\/logo\\\/image\\\/\",\"url\":\"https:\\\/\\\/tapiceriacrespo.com\\\/wp-content\\\/uploads\\\/2023\\\/10\\\/cropped-logo2-transp.png\",\"contentUrl\":\"https:\\\/\\\/tapiceriacrespo.com\\\/wp-content\\\/uploads\\\/2023\\\/10\\\/cropped-logo2-transp.png\",\"width\":712,\"height\":350,\"caption\":\"Tapicer\u00eda Crespo\"},\"image\":{\"@id\":\"https:\\\/\\\/tapiceriacrespo.com\\\/#\\\/schema\\\/logo\\\/image\\\/\"}}]}<\/script>\n<!-- \/ Yoast SEO plugin. -->","yoast_head_json":{"title":"Quienessomos - Tapicer\u00eda Crespo","robots":{"index":"index","follow":"follow","max-snippet":"max-snippet:-1","max-image-preview":"max-image-preview:large","max-video-preview":"max-video-preview:-1"},"canonical":"https:\/\/tapiceriacrespo.com\/eu\/quienes-somos\/","og_locale":"en_US","og_type":"article","og_title":"Quienessomos - Tapicer\u00eda Crespo","og_description":"\u00bfQui\u00e9nes somos? Nuestra historia Somos artesanos tapiceros de 3\u00aa generaci\u00f3n familiar. Pl\u00e1cido Crespo Aguirre, nuestro querido abuelo mont\u00f3 la primer tapicer\u00eda artesanal en Bilbao en la d\u00e9cada de 1930, y la llam\u00f3 \u00abTapicer\u00eda Bilba\u00edna\u00bb. En la postguerra se march\u00f3 a Burgos donde continu\u00f3 con su trabajo de tapicero artesanal. En la d\u00e9cada de 1960 la [&hellip;]","og_url":"https:\/\/tapiceriacrespo.com\/eu\/quienes-somos\/","og_site_name":"Tapicer\u00eda Crespo","article_modified_time":"2025-02-28T17:44:56+00:00","og_image":[{"width":640,"height":420,"url":"https:\/\/tapiceriacrespo.com\/wp-content\/uploads\/2023\/10\/historia-tapiceria-crespo-1.jpg","type":"image\/jpeg"}],"twitter_card":"summary_large_image","twitter_misc":{"Est. reading time":"2 minutua"},"schema":{"@context":"https:\/\/schema.org","@graph":[{"@type":"WebPage","@id":"https:\/\/tapiceriacrespo.com\/quienes-somos\/","url":"https:\/\/tapiceriacrespo.com\/quienes-somos\/","name":"Quienessomos - Tapicer\u00eda Crespo","isPartOf":{"@id":"https:\/\/tapiceriacrespo.com\/#website"},"primaryImageOfPage":{"@id":"https:\/\/tapiceriacrespo.com\/quienes-somos\/#primaryimage"},"image":{"@id":"https:\/\/tapiceriacrespo.com\/quienes-somos\/#primaryimage"},"thumbnailUrl":"https:\/\/tapiceriacrespo.com\/wp-content\/uploads\/2023\/10\/historia-tapiceria-crespo-1.jpg","datePublished":"2023-10-10T14:58:26+00:00","dateModified":"2025-02-28T17:44:56+00:00","breadcrumb":{"@id":"https:\/\/tapiceriacrespo.com\/quienes-somos\/#breadcrumb"},"inLanguage":"eu","potentialAction":[{"@type":"ReadAction","target":["https:\/\/tapiceriacrespo.com\/quienes-somos\/"]}]},{"@type":"ImageObject","inLanguage":"eu","@id":"https:\/\/tapiceriacrespo.com\/quienes-somos\/#primaryimage","url":"https:\/\/tapiceriacrespo.com\/wp-content\/uploads\/2023\/10\/historia-tapiceria-crespo-1.jpg","contentUrl":"https:\/\/tapiceriacrespo.com\/wp-content\/uploads\/2023\/10\/historia-tapiceria-crespo-1.jpg"},{"@type":"BreadcrumbList","@id":"https:\/\/tapiceriacrespo.com\/quienes-somos\/#breadcrumb","itemListElement":[{"@type":"ListItem","position":1,"name":"Portada","item":"https:\/\/tapiceriacrespo.com\/"},{"@type":"ListItem","position":2,"name":"Quienessomos"}]},{"@type":"WebSite","@id":"https:\/\/tapiceriacrespo.com\/#website","url":"https:\/\/tapiceriacrespo.com\/","name":"Tapicer\u00eda Crespo","description":"Tapicer\u00eda Crespo","publisher":{"@id":"https:\/\/tapiceriacrespo.com\/#organization"},"potentialAction":[{"@type":"SearchAction","target":{"@type":"EntryPoint","urlTemplate":"https:\/\/tapiceriacrespo.com\/?s={search_term_string}"},"query-input":{"@type":"PropertyValueSpecification","valueRequired":true,"valueName":"search_term_string"}}],"inLanguage":"eu"},{"@type":"Organization","@id":"https:\/\/tapiceriacrespo.com\/#organization","name":"Tapicer\u00eda Crespo","url":"https:\/\/tapiceriacrespo.com\/","logo":{"@type":"ImageObject","inLanguage":"eu","@id":"https:\/\/tapiceriacrespo.com\/#\/schema\/logo\/image\/","url":"https:\/\/tapiceriacrespo.com\/wp-content\/uploads\/2023\/10\/cropped-logo2-transp.png","contentUrl":"https:\/\/tapiceriacrespo.com\/wp-content\/uploads\/2023\/10\/cropped-logo2-transp.png","width":712,"height":350,"caption":"Tapicer\u00eda Crespo"},"image":{"@id":"https:\/\/tapiceriacrespo.com\/#\/schema\/logo\/image\/"}}]}},"_links":{"self":[{"href":"https:\/\/tapiceriacrespo.com\/eu\/wp-json\/wp\/v2\/pages\/309","targetHints":{"allow":["GET"]}}],"collection":[{"href":"https:\/\/tapiceriacrespo.com\/eu\/wp-json\/wp\/v2\/pages"}],"about":[{"href":"https:\/\/tapiceriacrespo.com\/eu\/wp-json\/wp\/v2\/types\/page"}],"author":[{"embeddable":true,"href":"https:\/\/tapiceriacrespo.com\/eu\/wp-json\/wp\/v2\/users\/1"}],"replies":[{"embeddable":true,"href":"https:\/\/tapiceriacrespo.com\/eu\/wp-json\/wp\/v2\/comments?post=309"}],"version-history":[{"count":61,"href":"https:\/\/tapiceriacrespo.com\/eu\/wp-json\/wp\/v2\/pages\/309\/revisions"}],"predecessor-version":[{"id":1657,"href":"https:\/\/tapiceriacrespo.com\/eu\/wp-json\/wp\/v2\/pages\/309\/revisions\/1657"}],"wp:attachment":[{"href":"https:\/\/tapiceriacrespo.com\/eu\/wp-json\/wp\/v2\/media?parent=309"}],"curies":[{"name":"wp","href":"https:\/\/api.w.org\/{rel}","templated":true}]}}