{"id":351,"date":"2023-10-10T15:11:22","date_gmt":"2023-10-10T15:11:22","guid":{"rendered":"https:\/\/web4.rkinformatika.net\/tapiceriacrespo2\/?page_id=351"},"modified":"2025-02-28T17:47:15","modified_gmt":"2025-02-28T17:47:15","slug":"tapiceria-artesanal","status":"publish","type":"page","link":"https:\/\/tapiceriacrespo.com\/eu\/tapiceria-artesanal\/","title":{"rendered":"Artisau-tapizeria"},"content":{"rendered":"<div data-elementor-type=\"wp-page\" data-elementor-id=\"351\" class=\"elementor elementor-351\" data-elementor-post-type=\"page\">\n\t\t\t\t\t\t<section class=\"elementor-section elementor-top-section elementor-element elementor-element-326365e elementor-section-boxed elementor-section-height-default elementor-section-height-default\" data-id=\"326365e\" data-element_type=\"section\" data-e-type=\"section\" data-settings=\"{&quot;background_background&quot;:&quot;classic&quot;}\">\n\t\t\t\t\t\t\t<div class=\"elementor-background-overlay\"><\/div>\n\t\t\t\t\t\t\t<div class=\"elementor-container elementor-column-gap-default\">\n\t\t\t\t\t<div class=\"elementor-column elementor-col-100 elementor-top-column elementor-element elementor-element-db427bf\" data-id=\"db427bf\" data-element_type=\"column\" data-e-type=\"column\">\n\t\t\t<div class=\"elementor-widget-wrap\">\n\t\t\t\t\t\t\t<\/div>\n\t\t<\/div>\n\t\t\t\t\t<\/div>\n\t\t<\/section>\n\t\t\t\t<section class=\"elementor-section elementor-top-section elementor-element elementor-element-29733b6 elementor-section-boxed elementor-section-height-default elementor-section-height-default\" data-id=\"29733b6\" data-element_type=\"section\" data-e-type=\"section\">\n\t\t\t\t\t\t<div class=\"elementor-container elementor-column-gap-default\">\n\t\t\t\t\t<div class=\"elementor-column elementor-col-100 elementor-top-column elementor-element elementor-element-feaa635\" data-id=\"feaa635\" data-element_type=\"column\" data-e-type=\"column\">\n\t\t\t<div class=\"elementor-widget-wrap elementor-element-populated\">\n\t\t\t\t\t\t<div class=\"elementor-element elementor-element-a11b5ae elementor-invisible elementor-widget elementor-widget-text-editor\" data-id=\"a11b5ae\" data-element_type=\"widget\" data-e-type=\"widget\" data-settings=\"{&quot;_animation&quot;:&quot;fadeIn&quot;}\" data-widget_type=\"text-editor.default\">\n\t\t\t\t<div class=\"elementor-widget-container\">\n\t\t\t\t\t\t\t\t\t<p>Servicio<\/p>\t\t\t\t\t\t\t\t<\/div>\n\t\t\t\t<\/div>\n\t\t\t\t<div class=\"elementor-element elementor-element-adbd1be elementor-widget__width-initial elementor-invisible elementor-widget elementor-widget-heading\" data-id=\"adbd1be\" data-element_type=\"widget\" data-e-type=\"widget\" data-settings=\"{&quot;_animation&quot;:&quot;fadeIn&quot;}\" data-widget_type=\"heading.default\">\n\t\t\t\t<div class=\"elementor-widget-container\">\n\t\t\t\t\t<h2 class=\"elementor-heading-title elementor-size-default\">Artisau-tapizeria<\/h2>\t\t\t\t<\/div>\n\t\t\t\t<\/div>\n\t\t\t\t<div class=\"elementor-element elementor-element-e84225a elementor-widget__width-initial elementor-absolute animated-slow elementor-invisible elementor-widget elementor-widget-spacer\" data-id=\"e84225a\" data-element_type=\"widget\" data-e-type=\"widget\" data-settings=\"{&quot;_position&quot;:&quot;absolute&quot;,&quot;_animation&quot;:&quot;fadeInLeft&quot;,&quot;_animation_delay&quot;:50}\" data-widget_type=\"spacer.default\">\n\t\t\t\t<div class=\"elementor-widget-container\">\n\t\t\t\t\t\t\t<div class=\"elementor-spacer\">\n\t\t\t<div class=\"elementor-spacer-inner\"><\/div>\n\t\t<\/div>\n\t\t\t\t\t\t<\/div>\n\t\t\t\t<\/div>\n\t\t\t\t<section class=\"elementor-section elementor-inner-section elementor-element elementor-element-c7a21e6 elementor-section-boxed elementor-section-height-default elementor-section-height-default\" data-id=\"c7a21e6\" data-element_type=\"section\" data-e-type=\"section\" data-settings=\"{&quot;animation&quot;:&quot;none&quot;}\">\n\t\t\t\t\t\t<div class=\"elementor-container elementor-column-gap-default\">\n\t\t\t\t\t<div class=\"elementor-column elementor-col-33 elementor-inner-column elementor-element elementor-element-e2e1af4 elementor-invisible\" data-id=\"e2e1af4\" data-element_type=\"column\" data-e-type=\"column\" data-settings=\"{&quot;background_background&quot;:&quot;classic&quot;,&quot;animation&quot;:&quot;fadeInUp&quot;}\">\n\t\t\t<div class=\"elementor-widget-wrap elementor-element-populated\">\n\t\t\t\t\t\t<div class=\"elementor-element elementor-element-660ff5d elementor-cta--skin-classic elementor-animated-content elementor-bg-transform elementor-bg-transform-zoom-in elementor-widget elementor-widget-call-to-action\" data-id=\"660ff5d\" data-element_type=\"widget\" data-e-type=\"widget\" data-widget_type=\"call-to-action.default\">\n\t\t\t\t<div class=\"elementor-widget-container\">\n\t\t\t\t\t\t\t<div class=\"elementor-cta\">\n\t\t\t\t\t<div class=\"elementor-cta__bg-wrapper\">\n\t\t\t\t<div class=\"elementor-cta__bg elementor-bg\" style=\"background-image: url(https:\/\/tapiceriacrespo.com\/wp-content\/uploads\/2023\/10\/restauracion.jpg);\" role=\"img\" aria-label=\"restauracion\"><\/div>\n\t\t\t\t<div class=\"elementor-cta__bg-overlay\"><\/div>\n\t\t\t<\/div>\n\t\t\t\t\t\t\t<div class=\"elementor-cta__content\">\n\t\t\t\t\n\t\t\t\t\t\t\t\t\t<h2 class=\"elementor-cta__title elementor-cta__content-item elementor-content-item\">\n\t\t\t\t\t\tRestauraci\u00f3n\t\t\t\t\t<\/h2>\n\t\t\t\t\n\t\t\t\t\t\t\t\t\t<div class=\"elementor-cta__description elementor-cta__content-item elementor-content-item\">\n\t\t\t\t\t\tRestauramos muebles como sof\u00e1s, butacas, sillas, etc. Tambi\u00e9n arreglamos tapicer\u00eda de coches, motos, autocaravanas y otros veh\u00edculos. Siempre con los mejores tejidos y pieles.\t\t\t\t\t<\/div>\n\t\t\t\t\n\t\t\t\t\t\t\t<\/div>\n\t\t\t\t\t\t<\/div>\n\t\t\t\t\t\t<\/div>\n\t\t\t\t<\/div>\n\t\t\t\t\t<\/div>\n\t\t<\/div>\n\t\t\t\t<div class=\"elementor-column elementor-col-33 elementor-inner-column elementor-element elementor-element-61a94f8 elementor-invisible\" data-id=\"61a94f8\" data-element_type=\"column\" data-e-type=\"column\" data-settings=\"{&quot;background_background&quot;:&quot;classic&quot;,&quot;animation&quot;:&quot;fadeInUp&quot;}\">\n\t\t\t<div class=\"elementor-widget-wrap elementor-element-populated\">\n\t\t\t\t\t\t<div class=\"elementor-element elementor-element-e29a9a7 elementor-cta--skin-classic elementor-animated-content elementor-bg-transform elementor-bg-transform-zoom-in elementor-widget elementor-widget-call-to-action\" data-id=\"e29a9a7\" data-element_type=\"widget\" data-e-type=\"widget\" data-widget_type=\"call-to-action.default\">\n\t\t\t\t<div class=\"elementor-widget-container\">\n\t\t\t\t\t\t\t<div class=\"elementor-cta\">\n\t\t\t\t\t<div class=\"elementor-cta__bg-wrapper\">\n\t\t\t\t<div class=\"elementor-cta__bg elementor-bg\" style=\"background-image: url(https:\/\/tapiceriacrespo.com\/wp-content\/uploads\/2023\/10\/decoracion.jpg);\" role=\"img\" aria-label=\"decoracion\"><\/div>\n\t\t\t\t<div class=\"elementor-cta__bg-overlay\"><\/div>\n\t\t\t<\/div>\n\t\t\t\t\t\t\t<div class=\"elementor-cta__content\">\n\t\t\t\t\n\t\t\t\t\t\t\t\t\t<h2 class=\"elementor-cta__title elementor-cta__content-item elementor-content-item\">\n\t\t\t\t\t\t Decoraci\u00f3n\t\t\t\t\t<\/h2>\n\t\t\t\t\n\t\t\t\t\t\t\t\t\t<div class=\"elementor-cta__description elementor-cta__content-item elementor-content-item\">\n\t\t\t\t\t\tDecoramos tu hogar con cortinas a medida, visillos especiales y alf\u00f3mbras de tejidos  y vinilo. Dise\u00f1amos personalizaciones en todos los productos.\t\t\t\t\t<\/div>\n\t\t\t\t\n\t\t\t\t\t\t\t<\/div>\n\t\t\t\t\t\t<\/div>\n\t\t\t\t\t\t<\/div>\n\t\t\t\t<\/div>\n\t\t\t\t\t<\/div>\n\t\t<\/div>\n\t\t\t\t<div class=\"elementor-column elementor-col-33 elementor-inner-column elementor-element elementor-element-a2a4a00 elementor-invisible\" data-id=\"a2a4a00\" data-element_type=\"column\" data-e-type=\"column\" data-settings=\"{&quot;background_background&quot;:&quot;classic&quot;,&quot;animation&quot;:&quot;fadeInUp&quot;}\">\n\t\t\t<div class=\"elementor-widget-wrap elementor-element-populated\">\n\t\t\t\t\t\t<div class=\"elementor-element elementor-element-63c7959 elementor-cta--skin-classic elementor-animated-content elementor-bg-transform elementor-bg-transform-zoom-in elementor-widget elementor-widget-call-to-action\" data-id=\"63c7959\" data-element_type=\"widget\" data-e-type=\"widget\" data-widget_type=\"call-to-action.default\">\n\t\t\t\t<div class=\"elementor-widget-container\">\n\t\t\t\t\t\t\t<div class=\"elementor-cta\">\n\t\t\t\t\t<div class=\"elementor-cta__bg-wrapper\">\n\t\t\t\t<div class=\"elementor-cta__bg elementor-bg\" style=\"background-image: url(https:\/\/tapiceriacrespo.com\/wp-content\/uploads\/2023\/10\/restauracion.jpg);\" role=\"img\" aria-label=\"restauracion\"><\/div>\n\t\t\t\t<div class=\"elementor-cta__bg-overlay\"><\/div>\n\t\t\t<\/div>\n\t\t\t\t\t\t\t<div class=\"elementor-cta__content\">\n\t\t\t\t\n\t\t\t\t\t\t\t\t\t<h2 class=\"elementor-cta__title elementor-cta__content-item elementor-content-item\">\n\t\t\t\t\t\tRevestimientos\t\t\t\t\t<\/h2>\n\t\t\t\t\n\t\t\t\t\t\t\t\t\t<div class=\"elementor-cta__description elementor-cta__content-item elementor-content-item\">\n\t\t\t\t\t\tTapizamos cojines, cabeceros de cama, materiales deportivos, soportes de seguridad, camillas para cl\u00ednicas, etc. Siempre personalizando el tapizado al gusto del cliente. \t\t\t\t\t<\/div>\n\t\t\t\t\n\t\t\t\t\t\t\t<\/div>\n\t\t\t\t\t\t<\/div>\n\t\t\t\t\t\t<\/div>\n\t\t\t\t<\/div>\n\t\t\t\t\t<\/div>\n\t\t<\/div>\n\t\t\t\t\t<\/div>\n\t\t<\/section>\n\t\t\t\t\t<\/div>\n\t\t<\/div>\n\t\t\t\t\t<\/div>\n\t\t<\/section>\n\t\t<div class=\"elementor-element elementor-element-6c1fb92 e-con-full e-flex e-con e-parent\" data-id=\"6c1fb92\" data-element_type=\"container\" data-e-type=\"container\">\n\t\t<div class=\"elementor-element elementor-element-210c6f7 e-con-full e-flex e-con e-child\" data-id=\"210c6f7\" data-element_type=\"container\" data-e-type=\"container\">\n\t\t\t\t<div class=\"elementor-element elementor-element-417165a elementor-widget elementor-widget-image\" data-id=\"417165a\" data-element_type=\"widget\" data-e-type=\"widget\" data-widget_type=\"image.default\">\n\t\t\t\t<div class=\"elementor-widget-container\">\n\t\t\t\t\t\t\t\t\t\t\t\t\t\t\t<img fetchpriority=\"high\" decoding=\"async\" width=\"800\" height=\"489\" src=\"https:\/\/tapiceriacrespo.com\/wp-content\/uploads\/2023\/10\/maximacalidad.jpg\" class=\"elementor-animation-float attachment-large size-large wp-image-372\" alt=\"\" srcset=\"https:\/\/tapiceriacrespo.com\/wp-content\/uploads\/2023\/10\/maximacalidad.jpg 900w, https:\/\/tapiceriacrespo.com\/wp-content\/uploads\/2023\/10\/maximacalidad-300x183.jpg 300w, https:\/\/tapiceriacrespo.com\/wp-content\/uploads\/2023\/10\/maximacalidad-768x469.jpg 768w, https:\/\/tapiceriacrespo.com\/wp-content\/uploads\/2023\/10\/maximacalidad-18x12.jpg 18w\" sizes=\"(max-width: 800px) 100vw, 800px\" \/>\t\t\t\t\t\t\t\t\t\t\t\t\t\t\t<\/div>\n\t\t\t\t<\/div>\n\t\t\t\t<\/div>\n\t\t<div class=\"elementor-element elementor-element-8e02598 e-con-full e-flex e-con e-child\" data-id=\"8e02598\" data-element_type=\"container\" data-e-type=\"container\">\n\t\t\t\t<div class=\"elementor-element elementor-element-82ed6cc elementor-invisible elementor-widget elementor-widget-text-editor\" data-id=\"82ed6cc\" data-element_type=\"widget\" data-e-type=\"widget\" data-settings=\"{&quot;_animation&quot;:&quot;fadeIn&quot;}\" data-widget_type=\"text-editor.default\">\n\t\t\t\t<div class=\"elementor-widget-container\">\n\t\t\t\t\t\t\t\t\t<p>Exigencia<\/p>\t\t\t\t\t\t\t\t<\/div>\n\t\t\t\t<\/div>\n\t\t\t\t<div class=\"elementor-element elementor-element-5442ee1 elementor-invisible elementor-widget elementor-widget-heading\" data-id=\"5442ee1\" data-element_type=\"widget\" data-e-type=\"widget\" data-settings=\"{&quot;_animation&quot;:&quot;fadeIn&quot;}\" data-widget_type=\"heading.default\">\n\t\t\t\t<div class=\"elementor-widget-container\">\n\t\t\t\t\t<h2 class=\"elementor-heading-title elementor-size-default\">M\u00e1xima calidade<\/h2>\t\t\t\t<\/div>\n\t\t\t\t<\/div>\n\t\t\t\t<div class=\"elementor-element elementor-element-456bfaa elementor-widget__width-initial elementor-absolute animated-slow elementor-invisible elementor-widget elementor-widget-spacer\" data-id=\"456bfaa\" data-element_type=\"widget\" data-e-type=\"widget\" data-settings=\"{&quot;_position&quot;:&quot;absolute&quot;,&quot;_animation&quot;:&quot;fadeInLeft&quot;,&quot;_animation_delay&quot;:50}\" data-widget_type=\"spacer.default\">\n\t\t\t\t<div class=\"elementor-widget-container\">\n\t\t\t\t\t\t\t<div class=\"elementor-spacer\">\n\t\t\t<div class=\"elementor-spacer-inner\"><\/div>\n\t\t<\/div>\n\t\t\t\t\t\t<\/div>\n\t\t\t\t<\/div>\n\t\t\t\t<div class=\"elementor-element elementor-element-6de7443 elementor-widget elementor-widget-text-editor\" data-id=\"6de7443\" data-element_type=\"widget\" data-e-type=\"widget\" data-widget_type=\"text-editor.default\">\n\t\t\t\t<div class=\"elementor-widget-container\">\n\t\t\t\t\t\t\t\t\t<p>Somos profesionales que apostamos por la calidad y el buen servicio. Siempre con productos de la mejor calidad, por eso nuestros trabajos perduran en el tiempo. Y todo ali\u00f1ado con el mejor trato y el mejor servicio.<\/p>\t\t\t\t\t\t\t\t<\/div>\n\t\t\t\t<\/div>\n\t\t\t\t<div class=\"elementor-element elementor-element-54e7a08 elementor-mobile-align-justify elementor-align-center elementor-widget elementor-widget-button\" data-id=\"54e7a08\" data-element_type=\"widget\" data-e-type=\"widget\" data-widget_type=\"button.default\">\n\t\t\t\t<div class=\"elementor-widget-container\">\n\t\t\t\t\t\t\t\t\t<div class=\"elementor-button-wrapper\">\n\t\t\t\t\t<a class=\"elementor-button elementor-button-link elementor-size-sm elementor-animation-sink\" href=\"https:\/\/tapiceriacrespo.com\/eu\/contacto\/\">\n\t\t\t\t\t\t<span class=\"elementor-button-content-wrapper\">\n\t\t\t\t\t\t\t\t\t<span class=\"elementor-button-text\">Jarri gurekin harremanetan<\/span>\n\t\t\t\t\t<\/span>\n\t\t\t\t\t<\/a>\n\t\t\t\t<\/div>\n\t\t\t\t\t\t\t\t<\/div>\n\t\t\t\t<\/div>\n\t\t\t\t<\/div>\n\t\t\t\t<\/div>\n\t\t\t\t<\/div>","protected":false},"excerpt":{"rendered":"<p>Servicio Tapicer\u00eda Artesanal Restauraci\u00f3n Restauramos muebles como sof\u00e1s, butacas, sillas, etc. Tambi\u00e9n arreglamos tapicer\u00eda de coches, motos, autocaravanas y otros veh\u00edculos. Siempre con los mejores tejidos y pieles. Decoraci\u00f3n Decoramos tu hogar con cortinas a medida, visillos especiales y alf\u00f3mbras de tejidos y vinilo. Dise\u00f1amos personalizaciones en todos los productos. Revestimientos Tapizamos cojines, cabeceros de [&hellip;]<\/p>\n","protected":false},"author":1,"featured_media":0,"parent":0,"menu_order":0,"comment_status":"closed","ping_status":"closed","template":"elementor_canvas","meta":{"footnotes":""},"class_list":["post-351","page","type-page","status-publish","hentry"],"yoast_head":"<!-- This site is optimized with the Yoast SEO plugin v27.5 - https:\/\/yoast.com\/product\/yoast-seo-wordpress\/ -->\n<title>Tapicer\u00eda Artesanal - Tapicer\u00eda Crespo<\/title>\n<meta name=\"robots\" content=\"index, follow, max-snippet:-1, max-image-preview:large, max-video-preview:-1\" \/>\n<link rel=\"canonical\" href=\"https:\/\/tapiceriacrespo.com\/eu\/tapiceria-artesanal\/\" \/>\n<meta property=\"og:locale\" content=\"en_US\" \/>\n<meta property=\"og:type\" content=\"article\" \/>\n<meta property=\"og:title\" content=\"Tapicer\u00eda Artesanal - Tapicer\u00eda Crespo\" \/>\n<meta property=\"og:description\" content=\"Servicio Tapicer\u00eda Artesanal Restauraci\u00f3n Restauramos muebles como sof\u00e1s, butacas, sillas, etc. Tambi\u00e9n arreglamos tapicer\u00eda de coches, motos, autocaravanas y otros veh\u00edculos. Siempre con los mejores tejidos y pieles. Decoraci\u00f3n Decoramos tu hogar con cortinas a medida, visillos especiales y alf\u00f3mbras de tejidos y vinilo. Dise\u00f1amos personalizaciones en todos los productos. Revestimientos Tapizamos cojines, cabeceros de [&hellip;]\" \/>\n<meta property=\"og:url\" content=\"https:\/\/tapiceriacrespo.com\/eu\/tapiceria-artesanal\/\" \/>\n<meta property=\"og:site_name\" content=\"Tapicer\u00eda Crespo\" \/>\n<meta property=\"article:modified_time\" content=\"2025-02-28T17:47:15+00:00\" \/>\n<meta property=\"og:image\" content=\"https:\/\/tapiceriacrespo.com\/wp-content\/uploads\/2023\/10\/maximacalidad.jpg\" \/>\n\t<meta property=\"og:image:width\" content=\"900\" \/>\n\t<meta property=\"og:image:height\" content=\"550\" \/>\n\t<meta property=\"og:image:type\" content=\"image\/jpeg\" \/>\n<meta name=\"twitter:card\" content=\"summary_large_image\" \/>\n<meta name=\"twitter:label1\" content=\"Est. reading time\" \/>\n\t<meta name=\"twitter:data1\" content=\"1 minutua\" \/>\n<script type=\"application\/ld+json\" class=\"yoast-schema-graph\">{\"@context\":\"https:\\\/\\\/schema.org\",\"@graph\":[{\"@type\":\"WebPage\",\"@id\":\"https:\\\/\\\/tapiceriacrespo.com\\\/tapiceria-artesanal\\\/\",\"url\":\"https:\\\/\\\/tapiceriacrespo.com\\\/tapiceria-artesanal\\\/\",\"name\":\"Tapicer\u00eda Artesanal - Tapicer\u00eda Crespo\",\"isPartOf\":{\"@id\":\"https:\\\/\\\/tapiceriacrespo.com\\\/#website\"},\"primaryImageOfPage\":{\"@id\":\"https:\\\/\\\/tapiceriacrespo.com\\\/tapiceria-artesanal\\\/#primaryimage\"},\"image\":{\"@id\":\"https:\\\/\\\/tapiceriacrespo.com\\\/tapiceria-artesanal\\\/#primaryimage\"},\"thumbnailUrl\":\"https:\\\/\\\/tapiceriacrespo.com\\\/wp-content\\\/uploads\\\/2023\\\/10\\\/maximacalidad.jpg\",\"datePublished\":\"2023-10-10T15:11:22+00:00\",\"dateModified\":\"2025-02-28T17:47:15+00:00\",\"breadcrumb\":{\"@id\":\"https:\\\/\\\/tapiceriacrespo.com\\\/tapiceria-artesanal\\\/#breadcrumb\"},\"inLanguage\":\"eu\",\"potentialAction\":[{\"@type\":\"ReadAction\",\"target\":[\"https:\\\/\\\/tapiceriacrespo.com\\\/tapiceria-artesanal\\\/\"]}]},{\"@type\":\"ImageObject\",\"inLanguage\":\"eu\",\"@id\":\"https:\\\/\\\/tapiceriacrespo.com\\\/tapiceria-artesanal\\\/#primaryimage\",\"url\":\"https:\\\/\\\/tapiceriacrespo.com\\\/wp-content\\\/uploads\\\/2023\\\/10\\\/maximacalidad.jpg\",\"contentUrl\":\"https:\\\/\\\/tapiceriacrespo.com\\\/wp-content\\\/uploads\\\/2023\\\/10\\\/maximacalidad.jpg\"},{\"@type\":\"BreadcrumbList\",\"@id\":\"https:\\\/\\\/tapiceriacrespo.com\\\/tapiceria-artesanal\\\/#breadcrumb\",\"itemListElement\":[{\"@type\":\"ListItem\",\"position\":1,\"name\":\"Portada\",\"item\":\"https:\\\/\\\/tapiceriacrespo.com\\\/\"},{\"@type\":\"ListItem\",\"position\":2,\"name\":\"Tapicer\u00eda Artesanal\"}]},{\"@type\":\"WebSite\",\"@id\":\"https:\\\/\\\/tapiceriacrespo.com\\\/#website\",\"url\":\"https:\\\/\\\/tapiceriacrespo.com\\\/\",\"name\":\"Tapicer\u00eda Crespo\",\"description\":\"Tapicer\u00eda Crespo\",\"publisher\":{\"@id\":\"https:\\\/\\\/tapiceriacrespo.com\\\/#organization\"},\"potentialAction\":[{\"@type\":\"SearchAction\",\"target\":{\"@type\":\"EntryPoint\",\"urlTemplate\":\"https:\\\/\\\/tapiceriacrespo.com\\\/?s={search_term_string}\"},\"query-input\":{\"@type\":\"PropertyValueSpecification\",\"valueRequired\":true,\"valueName\":\"search_term_string\"}}],\"inLanguage\":\"eu\"},{\"@type\":\"Organization\",\"@id\":\"https:\\\/\\\/tapiceriacrespo.com\\\/#organization\",\"name\":\"Tapicer\u00eda Crespo\",\"url\":\"https:\\\/\\\/tapiceriacrespo.com\\\/\",\"logo\":{\"@type\":\"ImageObject\",\"inLanguage\":\"eu\",\"@id\":\"https:\\\/\\\/tapiceriacrespo.com\\\/#\\\/schema\\\/logo\\\/image\\\/\",\"url\":\"https:\\\/\\\/tapiceriacrespo.com\\\/wp-content\\\/uploads\\\/2023\\\/10\\\/cropped-logo2-transp.png\",\"contentUrl\":\"https:\\\/\\\/tapiceriacrespo.com\\\/wp-content\\\/uploads\\\/2023\\\/10\\\/cropped-logo2-transp.png\",\"width\":712,\"height\":350,\"caption\":\"Tapicer\u00eda Crespo\"},\"image\":{\"@id\":\"https:\\\/\\\/tapiceriacrespo.com\\\/#\\\/schema\\\/logo\\\/image\\\/\"}}]}<\/script>\n<!-- \/ Yoast SEO plugin. -->","yoast_head_json":{"title":"Tapicer\u00eda Artesanal - Tapicer\u00eda Crespo","robots":{"index":"index","follow":"follow","max-snippet":"max-snippet:-1","max-image-preview":"max-image-preview:large","max-video-preview":"max-video-preview:-1"},"canonical":"https:\/\/tapiceriacrespo.com\/eu\/tapiceria-artesanal\/","og_locale":"en_US","og_type":"article","og_title":"Tapicer\u00eda Artesanal - Tapicer\u00eda Crespo","og_description":"Servicio Tapicer\u00eda Artesanal Restauraci\u00f3n Restauramos muebles como sof\u00e1s, butacas, sillas, etc. Tambi\u00e9n arreglamos tapicer\u00eda de coches, motos, autocaravanas y otros veh\u00edculos. Siempre con los mejores tejidos y pieles. Decoraci\u00f3n Decoramos tu hogar con cortinas a medida, visillos especiales y alf\u00f3mbras de tejidos y vinilo. Dise\u00f1amos personalizaciones en todos los productos. Revestimientos Tapizamos cojines, cabeceros de [&hellip;]","og_url":"https:\/\/tapiceriacrespo.com\/eu\/tapiceria-artesanal\/","og_site_name":"Tapicer\u00eda Crespo","article_modified_time":"2025-02-28T17:47:15+00:00","og_image":[{"width":900,"height":550,"url":"https:\/\/tapiceriacrespo.com\/wp-content\/uploads\/2023\/10\/maximacalidad.jpg","type":"image\/jpeg"}],"twitter_card":"summary_large_image","twitter_misc":{"Est. reading time":"1 minutua"},"schema":{"@context":"https:\/\/schema.org","@graph":[{"@type":"WebPage","@id":"https:\/\/tapiceriacrespo.com\/tapiceria-artesanal\/","url":"https:\/\/tapiceriacrespo.com\/tapiceria-artesanal\/","name":"Tapicer\u00eda Artesanal - Tapicer\u00eda Crespo","isPartOf":{"@id":"https:\/\/tapiceriacrespo.com\/#website"},"primaryImageOfPage":{"@id":"https:\/\/tapiceriacrespo.com\/tapiceria-artesanal\/#primaryimage"},"image":{"@id":"https:\/\/tapiceriacrespo.com\/tapiceria-artesanal\/#primaryimage"},"thumbnailUrl":"https:\/\/tapiceriacrespo.com\/wp-content\/uploads\/2023\/10\/maximacalidad.jpg","datePublished":"2023-10-10T15:11:22+00:00","dateModified":"2025-02-28T17:47:15+00:00","breadcrumb":{"@id":"https:\/\/tapiceriacrespo.com\/tapiceria-artesanal\/#breadcrumb"},"inLanguage":"eu","potentialAction":[{"@type":"ReadAction","target":["https:\/\/tapiceriacrespo.com\/tapiceria-artesanal\/"]}]},{"@type":"ImageObject","inLanguage":"eu","@id":"https:\/\/tapiceriacrespo.com\/tapiceria-artesanal\/#primaryimage","url":"https:\/\/tapiceriacrespo.com\/wp-content\/uploads\/2023\/10\/maximacalidad.jpg","contentUrl":"https:\/\/tapiceriacrespo.com\/wp-content\/uploads\/2023\/10\/maximacalidad.jpg"},{"@type":"BreadcrumbList","@id":"https:\/\/tapiceriacrespo.com\/tapiceria-artesanal\/#breadcrumb","itemListElement":[{"@type":"ListItem","position":1,"name":"Portada","item":"https:\/\/tapiceriacrespo.com\/"},{"@type":"ListItem","position":2,"name":"Tapicer\u00eda Artesanal"}]},{"@type":"WebSite","@id":"https:\/\/tapiceriacrespo.com\/#website","url":"https:\/\/tapiceriacrespo.com\/","name":"Tapicer\u00eda Crespo","description":"Tapicer\u00eda Crespo","publisher":{"@id":"https:\/\/tapiceriacrespo.com\/#organization"},"potentialAction":[{"@type":"SearchAction","target":{"@type":"EntryPoint","urlTemplate":"https:\/\/tapiceriacrespo.com\/?s={search_term_string}"},"query-input":{"@type":"PropertyValueSpecification","valueRequired":true,"valueName":"search_term_string"}}],"inLanguage":"eu"},{"@type":"Organization","@id":"https:\/\/tapiceriacrespo.com\/#organization","name":"Tapicer\u00eda Crespo","url":"https:\/\/tapiceriacrespo.com\/","logo":{"@type":"ImageObject","inLanguage":"eu","@id":"https:\/\/tapiceriacrespo.com\/#\/schema\/logo\/image\/","url":"https:\/\/tapiceriacrespo.com\/wp-content\/uploads\/2023\/10\/cropped-logo2-transp.png","contentUrl":"https:\/\/tapiceriacrespo.com\/wp-content\/uploads\/2023\/10\/cropped-logo2-transp.png","width":712,"height":350,"caption":"Tapicer\u00eda Crespo"},"image":{"@id":"https:\/\/tapiceriacrespo.com\/#\/schema\/logo\/image\/"}}]}},"_links":{"self":[{"href":"https:\/\/tapiceriacrespo.com\/eu\/wp-json\/wp\/v2\/pages\/351","targetHints":{"allow":["GET"]}}],"collection":[{"href":"https:\/\/tapiceriacrespo.com\/eu\/wp-json\/wp\/v2\/pages"}],"about":[{"href":"https:\/\/tapiceriacrespo.com\/eu\/wp-json\/wp\/v2\/types\/page"}],"author":[{"embeddable":true,"href":"https:\/\/tapiceriacrespo.com\/eu\/wp-json\/wp\/v2\/users\/1"}],"replies":[{"embeddable":true,"href":"https:\/\/tapiceriacrespo.com\/eu\/wp-json\/wp\/v2\/comments?post=351"}],"version-history":[{"count":124,"href":"https:\/\/tapiceriacrespo.com\/eu\/wp-json\/wp\/v2\/pages\/351\/revisions"}],"predecessor-version":[{"id":1663,"href":"https:\/\/tapiceriacrespo.com\/eu\/wp-json\/wp\/v2\/pages\/351\/revisions\/1663"}],"wp:attachment":[{"href":"https:\/\/tapiceriacrespo.com\/eu\/wp-json\/wp\/v2\/media?parent=351"}],"curies":[{"name":"wp","href":"https:\/\/api.w.org\/{rel}","templated":true}]}}